{"id":1585,"date":"2023-09-23T16:23:12","date_gmt":"2023-09-23T16:23:12","guid":{"rendered":"https:\/\/cienciaaberta.org\/?page_id=1585"},"modified":"2024-04-30T13:09:37","modified_gmt":"2024-04-30T13:09:37","slug":"projeto-ciencia-aberta","status":"publish","type":"page","link":"https:\/\/cienciaaberta.org\/en\/dados-abertos\/projeto-ciencia-aberta\/","title":{"rendered":"Projeto Ci\u00eancia Aberta"},"content":{"rendered":"<p style=\"margin: 0in; font-family: Calibri; font-size: 14.0pt;\">Recurso: <strong>Multimodal\/multilingual portal for the advancement of open science in Humanities<\/strong><\/p>\n<p style=\"margin: 0in; font-family: Calibri; font-size: 14.0pt;\">Link: <a href=\"https:\/\/osf.io\/gqv95\/\">https:\/\/osf.io\/gqv95\/<\/a><\/p>\n<p style=\"margin: 0in; font-family: Calibri; font-size: 14.0pt;\">Autor: Rafael Cury Scarpelli<\/p>\n<p style=\"margin: 0in; font-family: Calibri; font-size: 14.0pt;\">Contato: rafacuryscarpelli@gmail.com<\/p>\n<p style=\"margin: 0in; font-family: Calibri; font-size: 14.0pt;\">Data da disponibiliza\u00e7\u00e3o: 02\/02\/2024<\/p>\n<p style=\"margin: 0in; font-family: Calibri; font-size: 14.0pt;\">Projeto: A avalia\u00e7\u00e3o perceptiva da voz por testemunhas no contexto forense<\/p>\n<p style=\"margin: 0in; font-family: Calibri; font-size: 14.0pt;\">Descri\u00e7\u00e3o: Inclui question\u00e1rios, resultados de an\u00e1lises e resultados dos question\u00e1rios.<\/p>\n<p style=\"margin: 0in; font-family: Calibri; font-size: 14.0pt;\">&nbsp;<\/p>\n<p style=\"margin: 0in; font-family: Calibri; font-size: 14.0pt;\">&nbsp;<\/p>\n<p>Recurso: <strong>Multimodal\/multilingual portal for the advancement of open science in Humanities<\/strong><br>Link: <a href=\"https:\/\/osf.io\/mj9rt\">https:\/\/osf.io\/mj9rt<\/a><br>Autor: Lucas Ferraz Escarabelin<br>Contato: lucas.e2001@gmail.com<br>Data da disponibiliza\u00e7\u00e3o: 06\/01\/2024<br>Projeto: A linguagem verbal de videogames em uma perspectiva multimodal e de ci\u00eancia aberta<br>Descri\u00e7\u00e3o: Resultados dos procedimentos e an\u00e1lises (tagcount, as loadtables, tabelas e gr\u00e1ficos).<\/p>\n<p>&nbsp;<\/p>\n<p>Recurso: <strong>Multimodal\/multilingual portal for the advancement of open science in Humanities<\/strong><br>Link: <a href=\"https:\/\/osf.io\/dnqtv\/\">https:\/\/osf.io\/dnqtv\/<\/a><br>Autor: Arianne Brogini<br>Contato: annebro@uol.com.br<br>Data da disponibiliza\u00e7\u00e3o: 2023-08-16<br>Projeto: Representa\u00e7\u00f5es Contempor\u00e2neas Da Sustentabilidade: Uma An\u00e1lise Multidimensional Lexical Discursiva Como Contribui\u00e7\u00e3o Para O Portal Multimodal\/Multil\u00edngue Para Avan\u00e7o Da Ci\u00eancia Aberta Nas Humanidades<br>Descri\u00e7\u00e3o: Resultados dos procedimentos e an\u00e1lises (tagcount, as loadtables, tabelas e gr\u00e1ficos).<\/p>\n<p>&nbsp;<\/p>\n<p>Recurso: <strong>Multimodal\/multilingual portal for the advancement of open science in Humanities<\/strong><br>Link: <a href=\"https:\/\/osf.io\/kvb6r\/\">https:\/\/osf.io\/kvb6r\/<\/a><br>Autor: Juliana Andreassa da Lomba<br>Contato: juandreassa10@gmail.com<br>Data da disponibiliza\u00e7\u00e3o: 2023-08-29<br>Projeto: Uma an\u00e1lise das pros\u00f3dias vocal e visual na caracteriza\u00e7\u00e3o da fala carism\u00e1tica<br>Descri\u00e7\u00e3o: Softwares utilizados e um script de acesso aberto utilizados para an\u00e1lise ac\u00fastica da pesquisa.<\/p>\n<p>&nbsp;<\/p>\n<p>Recurso: <strong>Multimodal\/multilingual portal for the advancement of open science in Humanities<\/strong><br>Link: <a href=\"https:\/\/osf.io\/3w9hp\/\">https:\/\/osf.io\/3w9hp\/<\/a><br>Autor: Natalia Luri Arimori Ribeiro<br>Contato: natyluri@hotmail.com<br>Data da disponibiliza\u00e7\u00e3o: 2023-09-08<br>Projeto: Portal multimodal\/multil\u00edngue para o avan\u00e7o da ci\u00eancia aberta nas Humanidades: Linguagem Telecinem\u00e1tica como Recurso de Ensino de Ingl\u00eas como L\u00edngua Estrangeira Atrav\u00e9s de N-grama de Classe Sem\u00e2ntica<br>Descri\u00e7\u00e3o: Os recursos incluem o corpus utilizado, bem como os resultados da an\u00e1lise fatorial e exemplos utilizados para a constru\u00e7\u00e3o da disserta\u00e7\u00e3o.<\/p>\n<p>&nbsp;<\/p>\n<p>Recurso: <strong>Multimodal\/multilingual portal for the advancement of open science in Humanities<\/strong><br>Link: <a href=\"https:\/\/osf.io\/pqe42\">https:\/\/osf.io\/pqe42<\/a><br>Autor: Luiz Carlos Zeferino<br>Contato: zeferinodesign@gmail.com<br>Data da disponibiliza\u00e7\u00e3o: 2023-07-04<br>Projeto: Representa\u00e7\u00f5es visuais de Brasil: Uma abordagem multidimensional<br>Descri\u00e7\u00e3o: Corpora com quatro corpus visuais, oriundos do site de imagens Flickr (primeiro link) e lista em .TXT das 5833 imagens, com classes e t\u00edtulos (segundo link).<\/p>\n<p>Recurso: Portal multimodal\/multil\u00edngue para o avan\u00e7o da ci\u00eancia aberta nas Humanidades<br>Link: <a href=\"https:\/\/osf.io\/tnxb4\">https:\/\/osf.io\/tnxb4<\/a><br>Autor: Carolina C. Andrade Dombrasas<br>Contato: carol.andrade.rj@gmail.com<br>Data da disponibiliza\u00e7\u00e3o: 12\/02\/2024<br>Projeto: Somos as palavras que trocamos: Uma an\u00e1lise multidimensional do discurso corporativo de empresas nativas e em transforma\u00e7\u00e3o digital como contribui\u00e7\u00e3o ao projeto multimodal\/multilingue para avan\u00e7o das Ci\u00eancias Abertas nas Humanidades<\/p>\n<p>Recurso: Portal multimodal\/multil\u00edngue para o avan\u00e7o da ci\u00eancia aberta nas Humanidades<br>Link: <a href=\"https:\/\/osf.io\/9ah5s\/\">https:\/\/osf.io\/9ah5s\/<\/a><br>Autor: Luana Manini Genari de Souza Ramos<br>Contato: maniniluana@gmail.com<br>Data da disponibiliza\u00e7\u00e3o: <br>Projeto: A ci\u00eancia aberta e os desafios do int\u00e9rprete de libras na<br>Esfera jur\u00eddica: do cadastramento \u00e0 media\u00e7\u00e3o dos discursos na sala de audi\u00eancia<\/p>\n\n\n<p><\/p>","protected":false},"excerpt":{"rendered":"<p>Recurso: Portal multimodal\/multil\u00edngue para o avan\u00e7o da ci\u00eancia aberta nas Humanidades Link: https:\/\/osf.io\/gqv95\/ Autor: Rafael Cury Scarpelli Contato: rafacuryscarpelli@gmail.com Data [&hellip;]<\/p>","protected":false},"author":8,"featured_media":0,"parent":1567,"menu_order":0,"comment_status":"closed","ping_status":"closed","template":"","meta":{"ngg_post_thumbnail":0,"footnotes":""},"class_list":["post-1585","page","type-page","status-publish","hentry"],"_links":{"self":[{"href":"https:\/\/cienciaaberta.org\/en\/wp-json\/wp\/v2\/pages\/1585","targetHints":{"allow":["GET"]}}],"collection":[{"href":"https:\/\/cienciaaberta.org\/en\/wp-json\/wp\/v2\/pages"}],"about":[{"href":"https:\/\/cienciaaberta.org\/en\/wp-json\/wp\/v2\/types\/page"}],"author":[{"embeddable":true,"href":"https:\/\/cienciaaberta.org\/en\/wp-json\/wp\/v2\/users\/8"}],"replies":[{"embeddable":true,"href":"https:\/\/cienciaaberta.org\/en\/wp-json\/wp\/v2\/comments?post=1585"}],"version-history":[{"count":12,"href":"https:\/\/cienciaaberta.org\/en\/wp-json\/wp\/v2\/pages\/1585\/revisions"}],"predecessor-version":[{"id":1670,"href":"https:\/\/cienciaaberta.org\/en\/wp-json\/wp\/v2\/pages\/1585\/revisions\/1670"}],"up":[{"embeddable":true,"href":"https:\/\/cienciaaberta.org\/en\/wp-json\/wp\/v2\/pages\/1567"}],"wp:attachment":[{"href":"https:\/\/cienciaaberta.org\/en\/wp-json\/wp\/v2\/media?parent=1585"}],"curies":[{"name":"wp","href":"https:\/\/api.w.org\/{rel}","templated":true}]}}