{"id":1588,"date":"2023-09-23T16:26:06","date_gmt":"2023-09-23T16:26:06","guid":{"rendered":"https:\/\/cienciaaberta.org\/?page_id=1588"},"modified":"2024-04-30T13:11:56","modified_gmt":"2024-04-30T13:11:56","slug":"projeto-infodemia","status":"publish","type":"page","link":"https:\/\/cienciaaberta.org\/en\/dados-abertos\/projeto-infodemia\/","title":{"rendered":"Projeto Infodemia"},"content":{"rendered":"<p>Recurso: <strong>Pandemia e infodemia de COVID-19: Dissemina\u00e7\u00e3o de discursos de informa\u00e7\u00e3o e desinforma\u00e7\u00e3o por meio de ecossistemas de texto e imagem<\/strong><br>Link: <a href=\"https:\/\/osf.io\/324nq\">https:\/\/osf.io\/324nq<\/a><br>Autor: Carlos Kauffman<br>Contato: chkauffmann@gmail.com<br>Data da disponibiliza\u00e7\u00e3o: 02\/02\/2024<br>Projeto: Representa\u00e7\u00f5es das fake news em redes sociais durante a pandemia de covid-19 <br>Descri\u00e7\u00e3o: Dados processados e resultados da an\u00e1lise fatorial<\/p>\n<p>Recurso: <strong>Pandemia e infodemia de COVID-19: Dissemina\u00e7\u00e3o de discursos de informa\u00e7\u00e3o e desinforma\u00e7\u00e3o por meio de ecossistemas de texto e imagem<\/strong><br>Link: <a href=\"https:\/\/osf.io\/5r3yh\/\">https:\/\/osf.io\/5r3yh\/<\/a><br>Autor: Mirella Whiteman<br>Contato: mirellawhiteman@gmail.com<br>Data da disponibiliza\u00e7\u00e3o: 05\/02\/2024<br>Projeto: OS DISCURSOS EM TORNO DOS MOVIMENTOS ANTIVACINA NO BRASIL DURANTE A PANDEMIA DE COVID-19<br>Descri\u00e7\u00e3o: Dados lingu\u00edsticos processados, resultados da An\u00e1lise fatorial e arquivos produzidos pelo fasttext e anota\u00e7\u00f5es manuais usadas para treinar o modelo de intelig\u00eancia artificial usado na pesquisa.<\/p>\n<p>Recurso: <strong>Pandemia e infodemia de COVID-19: Dissemina\u00e7\u00e3o de discursos de informa\u00e7\u00e3o e desinforma\u00e7\u00e3o por meio de ecossistemas de texto e imagem<\/strong><br>Link: <a href=\"http:\/\/osf.io\/bgfp4\">http:\/\/osf.io\/bgfp4<\/a><br>Autor: Luciana Nogueirol Lobo Marcondes<br>Contato: profalunlobo@gmail.com<br>Data da disponibiliza\u00e7\u00e3o: 2023-08-19<br>Projeto: Narrativas infodemicas no twitter sobre a atua\u00e7\u00e3o do Supremo Tribunal Federal durante a pandemia da covid-19: uma an\u00e1lise multidimensional lexical e can\u00f4nica<br>Descri\u00e7\u00e3o: Os recursos incluem os modelos de detec\u00e7\u00e3o de discurso infod\u00eamico, os arquivos de input do fasttext, scripts usados e resultados da an\u00e1lise fatorial.<\/p>\n<p>Recurso:<strong> Pandemia e infodemia de COVID-19: Dissemina\u00e7\u00e3o de discursos de informa\u00e7\u00e3o e desinforma\u00e7\u00e3o<\/strong> <strong>por meio de ecossistemas de texto e imagem<\/strong><br>Link: <a href=\"https:\/\/osf.io\/eux6w\">https:\/\/osf.io\/eux6w<\/a><br>Autor: C\u00edcero Soares da Silva<br>Contato: pardonmester@gmail.com<br>Data da disponibiliza\u00e7\u00e3o: 2023-08-22<br>Projeto: Multidimensionalidade e Multimodalidade Discursiva no Twitter: Representa\u00e7\u00f5es Xenof\u00f3bicas contra a China durante a Pandemia de COVID-19<br>Descri\u00e7\u00e3o: Corpus de estudo e demais dados da pesquisa<\/p>\n<p>Recurso: <strong>Pandemia e infodemia de COVID-19: Dissemina\u00e7\u00e3o de discursos de informa\u00e7\u00e3o e desinforma\u00e7\u00e3o por meio de ecossistemas de texto e imagem<\/strong><br>Link: <a href=\"https:\/\/osf.io\/zevd9\">https:\/\/osf.io\/zevd9<\/a><br>Autor: Matheus Perriraz<br>Contato: matheusperriraz@gmail.com<br>Data da disponibiliza\u00e7\u00e3o: 02\/02\/2024<br>Projeto: Deus, P\u00e1tria e fam\u00edlia: Os discursos bolsonaristas na rede social Twitter, uma an\u00e1lise multidimensional lexical.<br>Descri\u00e7\u00e3o: Dados processados e resultados da an\u00e1lise fatorial<\/p>\n\n\n<p>Recurso: <strong>Pandemia e infodemia de COVID-19: Dissemina\u00e7\u00e3o de discursos de informa\u00e7\u00e3o e desinforma\u00e7\u00e3o por meio de ecossistemas de texto e imagem<\/strong><br>Link: <a href=\"https:\/\/osf.io\/wby7j\">https:\/\/osf.io\/wby7j<\/a><br>Autor: Yara Toledo<br>Contato: yara.toledo@outlook.com<br>Data da disponibiliza\u00e7\u00e3o: 2023-09-06<br>Projeto: DISCURSOS EM TORNO DO TERMO GENOC\u00cdDIO DURANTE A PANDEMIA DE COVID-19<br>Descri\u00e7\u00e3o: Os recursos incluem os modelos de detec\u00e7\u00e3o de discurso infod\u00eamico, os arquivos de input do fasttext, scripts usados, exemplos, wordclouds, al\u00e9m corpus utilizado na pesquisa.Arquivos produzidos pelo fasttext e anota\u00e7\u00f5es manuais usadas para treinar o modelo de intelig\u00eancia artificial usado na pesquisa.<\/p>\n\n\n\n<p><\/p>","protected":false},"excerpt":{"rendered":"<p>Recurso: Pandemia e infodemia de COVID-19: Dissemina\u00e7\u00e3o de discursos de informa\u00e7\u00e3o e desinforma\u00e7\u00e3o por meio de ecossistemas de texto e [&hellip;]<\/p>","protected":false},"author":8,"featured_media":0,"parent":1567,"menu_order":0,"comment_status":"closed","ping_status":"closed","template":"","meta":{"ngg_post_thumbnail":0,"footnotes":""},"class_list":["post-1588","page","type-page","status-publish","hentry"],"_links":{"self":[{"href":"https:\/\/cienciaaberta.org\/en\/wp-json\/wp\/v2\/pages\/1588","targetHints":{"allow":["GET"]}}],"collection":[{"href":"https:\/\/cienciaaberta.org\/en\/wp-json\/wp\/v2\/pages"}],"about":[{"href":"https:\/\/cienciaaberta.org\/en\/wp-json\/wp\/v2\/types\/page"}],"author":[{"embeddable":true,"href":"https:\/\/cienciaaberta.org\/en\/wp-json\/wp\/v2\/users\/8"}],"replies":[{"embeddable":true,"href":"https:\/\/cienciaaberta.org\/en\/wp-json\/wp\/v2\/comments?post=1588"}],"version-history":[{"count":9,"href":"https:\/\/cienciaaberta.org\/en\/wp-json\/wp\/v2\/pages\/1588\/revisions"}],"predecessor-version":[{"id":1672,"href":"https:\/\/cienciaaberta.org\/en\/wp-json\/wp\/v2\/pages\/1588\/revisions\/1672"}],"up":[{"embeddable":true,"href":"https:\/\/cienciaaberta.org\/en\/wp-json\/wp\/v2\/pages\/1567"}],"wp:attachment":[{"href":"https:\/\/cienciaaberta.org\/en\/wp-json\/wp\/v2\/media?parent=1588"}],"curies":[{"name":"wp","href":"https:\/\/api.w.org\/{rel}","templated":true}]}}