{"id":1639,"date":"2024-02-03T13:46:55","date_gmt":"2024-02-03T13:46:55","guid":{"rendered":"https:\/\/cienciaaberta.org\/?page_id=1639"},"modified":"2024-04-30T18:13:48","modified_gmt":"2024-04-30T18:13:48","slug":"projeto-tematico-fapesp","status":"publish","type":"page","link":"https:\/\/cienciaaberta.org\/en\/dados-abertos\/projeto-tematico-fapesp\/","title":{"rendered":"Projeto Tem\u00e1tico FAPESP"},"content":{"rendered":"<p>Recurso: Projeto Tem\u00e1tico Fapesp<br>Link: <a href=\"https:\/\/osf.io\/eyatg\">https:\/\/osf.io\/eyatg<\/a><br>Autor: Matheus Perriraz<br>Contato: rbmarc2000@gmail.com<br>Data da disponibiliza\u00e7\u00e3o: 30\/04\/2024<br>Projeto: Stop whining! Digital dismissal and the case of \u2018mimimi\u2019 in Brazilian Portuguese social media<br>Descri\u00e7\u00e3o: Dados processados e resultados da an\u00e1lise fatorial<\/p>","protected":false},"excerpt":{"rendered":"<p>Recurso: Projeto Tem\u00e1tico FapespLink: https:\/\/osf.io\/eyatgAutor: Matheus PerrirazContato: rbmarc2000@gmail.comData da disponibiliza\u00e7\u00e3o: 30\/04\/2024Projeto: Stop whining! Digital dismissal and the case of \u2018mimimi\u2019 [&hellip;]<\/p>","protected":false},"author":8,"featured_media":0,"parent":1567,"menu_order":0,"comment_status":"closed","ping_status":"closed","template":"","meta":{"ngg_post_thumbnail":0,"footnotes":""},"class_list":["post-1639","page","type-page","status-publish","hentry"],"_links":{"self":[{"href":"https:\/\/cienciaaberta.org\/en\/wp-json\/wp\/v2\/pages\/1639","targetHints":{"allow":["GET"]}}],"collection":[{"href":"https:\/\/cienciaaberta.org\/en\/wp-json\/wp\/v2\/pages"}],"about":[{"href":"https:\/\/cienciaaberta.org\/en\/wp-json\/wp\/v2\/types\/page"}],"author":[{"embeddable":true,"href":"https:\/\/cienciaaberta.org\/en\/wp-json\/wp\/v2\/users\/8"}],"replies":[{"embeddable":true,"href":"https:\/\/cienciaaberta.org\/en\/wp-json\/wp\/v2\/comments?post=1639"}],"version-history":[{"count":3,"href":"https:\/\/cienciaaberta.org\/en\/wp-json\/wp\/v2\/pages\/1639\/revisions"}],"predecessor-version":[{"id":1680,"href":"https:\/\/cienciaaberta.org\/en\/wp-json\/wp\/v2\/pages\/1639\/revisions\/1680"}],"up":[{"embeddable":true,"href":"https:\/\/cienciaaberta.org\/en\/wp-json\/wp\/v2\/pages\/1567"}],"wp:attachment":[{"href":"https:\/\/cienciaaberta.org\/en\/wp-json\/wp\/v2\/media?parent=1639"}],"curies":[{"name":"wp","href":"https:\/\/api.w.org\/{rel}","templated":true}]}}