{"id":1684,"date":"2025-07-29T21:22:12","date_gmt":"2025-07-29T21:22:12","guid":{"rendered":"https:\/\/cienciaaberta.org\/?page_id=1684"},"modified":"2025-07-29T21:39:15","modified_gmt":"2025-07-29T21:39:15","slug":"recursos-educacionais","status":"publish","type":"page","link":"https:\/\/cienciaaberta.org\/en\/dados-abertos\/recursos-educacionais\/","title":{"rendered":"Recursos educacionais"},"content":{"rendered":"<p>BAKHTIN: LITERATURAS E CULTURAS<\/p>\n\n\n\n<p>Este projeto resulta dos estudos e das pesquisas desenvolvidos na disciplina \u201cBakhtin, literaturas e culturas\u201d, ministrada pela Dra. Beth Brait no Programa de P\u00f3s\u2011Gradua\u00e7\u00e3o em Literatura e Cr\u00edtica Liter\u00e1ria da PUC\u2011SP em 2023. O objeto de investiga\u00e7\u00e3o \u00e9 a literatura brasileira contempor\u00e2nea, explorada pelas lentes bakhtinianas da \u00e9tica, da est\u00e9tica e da cogni\u00e7\u00e3o, bem como o di\u00e1logo entre literaturas e culturas nos tempos pequeno e grande.<\/p>\n\n\n\n<p><a href=\"https:\/\/bakhtinliteraturasecultura.my.canva.site\">https:\/\/bakhtinliteraturasecultura.my.canva.site<\/a><\/p>\n\n\n\n<p><\/p>","protected":false},"excerpt":{"rendered":"<p>BAKHTIN: LITERATURAS E CULTURAS Este projeto resulta dos estudos e das pesquisas desenvolvidos na disciplina \u201cBakhtin, literaturas e culturas\u201d, ministrada [&hellip;]<\/p>","protected":false},"author":8,"featured_media":0,"parent":1567,"menu_order":0,"comment_status":"closed","ping_status":"closed","template":"","meta":{"ngg_post_thumbnail":0,"footnotes":""},"class_list":["post-1684","page","type-page","status-publish","hentry"],"_links":{"self":[{"href":"https:\/\/cienciaaberta.org\/en\/wp-json\/wp\/v2\/pages\/1684","targetHints":{"allow":["GET"]}}],"collection":[{"href":"https:\/\/cienciaaberta.org\/en\/wp-json\/wp\/v2\/pages"}],"about":[{"href":"https:\/\/cienciaaberta.org\/en\/wp-json\/wp\/v2\/types\/page"}],"author":[{"embeddable":true,"href":"https:\/\/cienciaaberta.org\/en\/wp-json\/wp\/v2\/users\/8"}],"replies":[{"embeddable":true,"href":"https:\/\/cienciaaberta.org\/en\/wp-json\/wp\/v2\/comments?post=1684"}],"version-history":[{"count":3,"href":"https:\/\/cienciaaberta.org\/en\/wp-json\/wp\/v2\/pages\/1684\/revisions"}],"predecessor-version":[{"id":1690,"href":"https:\/\/cienciaaberta.org\/en\/wp-json\/wp\/v2\/pages\/1684\/revisions\/1690"}],"up":[{"embeddable":true,"href":"https:\/\/cienciaaberta.org\/en\/wp-json\/wp\/v2\/pages\/1567"}],"wp:attachment":[{"href":"https:\/\/cienciaaberta.org\/en\/wp-json\/wp\/v2\/media?parent=1684"}],"curies":[{"name":"wp","href":"https:\/\/api.w.org\/{rel}","templated":true}]}}