{"id":372,"date":"2022-02-20T17:01:58","date_gmt":"2022-02-20T17:01:58","guid":{"rendered":"https:\/\/cienciaaberta.org\/?page_id=372"},"modified":"2022-05-20T13:04:38","modified_gmt":"2022-05-20T13:04:38","slug":"ciencia-aberta","status":"publish","type":"page","link":"https:\/\/cienciaaberta.org\/en\/ciencia-aberta\/","title":{"rendered":"Open Science \u2013 a collaborative approach to the scientific process"},"content":{"rendered":"<div data-elementor-type=\"wp-page\" data-elementor-id=\"372\" class=\"elementor elementor-372\">\n\t\t\t\t\t\t\t\t\t<section class=\"elementor-section elementor-top-section elementor-element elementor-element-ba99d32 elementor-section-boxed elementor-section-height-default elementor-section-height-default\" data-id=\"ba99d32\" data-element_type=\"section\">\n\t\t\t\t\t\t<div class=\"elementor-container elementor-column-gap-default\">\n\t\t\t\t\t<div class=\"elementor-column elementor-col-100 elementor-top-column elementor-element elementor-element-5795c58\" data-id=\"5795c58\" data-element_type=\"column\">\n\t\t\t<div class=\"elementor-widget-wrap elementor-element-populated\">\n\t\t\t\t\t\t\t\t<div class=\"elementor-element elementor-element-99163ac elementor-drop-cap-yes elementor-drop-cap-view-default elementor-widget elementor-widget-text-editor\" data-id=\"99163ac\" data-element_type=\"widget\" data-settings=\"{&quot;drop_cap&quot;:&quot;yes&quot;}\" data-widget_type=\"text-editor.default\">\n\t\t\t\t<div class=\"elementor-widget-container\">\n\t\t\t<style>\/*! elementor - v3.15.0 - 09-08-2023 *\/\n.elementor-widget-text-editor.elementor-drop-cap-view-stacked .elementor-drop-cap{background-color:#69727d;color:#fff}.elementor-widget-text-editor.elementor-drop-cap-view-framed .elementor-drop-cap{color:#69727d;border:3px solid;background-color:transparent}.elementor-widget-text-editor:not(.elementor-drop-cap-view-default) .elementor-drop-cap{margin-top:8px}.elementor-widget-text-editor:not(.elementor-drop-cap-view-default) .elementor-drop-cap-letter{width:1em;height:1em}.elementor-widget-text-editor .elementor-drop-cap{float:left;text-align:center;line-height:1;font-size:50px}.elementor-widget-text-editor .elementor-drop-cap-letter{display:inline-block}<\/style>\t\t\t\t<p style=\"text-align: left;\"><span style=\"font-size: 12pt; line-height: 107%;\">This <\/span><span style=\"font-size: 16px;\">Multimodal\/Multilingual <\/span><span style=\"font-size: 12pt; line-height: 107%;\">Portal for the <\/span><em><span style=\"font-size: 12pt; line-height: 107%;\"><a href=\"https:\/\/cadernos.abralin.org\/index.php\/cadernos\/article\/view\/406\" target=\"_blank\" rel=\"noopener\">Advancement of Open Science <\/a><\/span><\/em><span style=\"font-size: 12pt; line-height: 107%;\">aims to collaborate with a movement that shares the same name, that is, Open Science, and which consists of <\/span><span style=\"font-size: 12pt; color: var( --e-global-color-6751994 );\">\u201cA new approach to the scientific process based on cooperative work and new forms of dissemination knowledge using digital technologies and new collaborative tools [\u2026]\u201d<\/span><span style=\"color: var( --e-global-color-6751994 ); font-size: 12pt;\"> (EUROPEAN COMMISSION, 2016 apud BERBER SARDINHA et.al, 2021, p. 3). For some time, this<\/span><span style=\"font-size: 12pt; line-height: 107%;\"> concept has been consolidating itself among researchers in the areas of technology, computing and natural sciences, however, it is still incipient in the area of the humanities.\u00a0<\/span><\/p><p style=\"text-align: left;\"><span style=\"font-size: 12pt; line-height: 107%;\">In this context, the <span style=\"font-size: 16px;\">Multimodal\/Multilingual <\/span>Portal intends to disseminate Open Science in the humanities area, not only sharing research and its results, but also by gathering and making available a set of data (verbal, visual, verb-visual, verb-gestural) so that scholars have access to them and reuse them in new investigations, in different areas. Therefore, this pla<\/span><span style=\"font-size: 12pt; line-height: 107%;\">tform is based on the four guiding principles of Open Science: open access, open data, open source and citizen science.<\/span><\/p><p style=\"text-align: left;\"><span style=\"font-size: 12.0pt; line-height: 107%;\">It is believed that, based on these principles, a new scientific paradigm will end up being established for researchers and for society in general, given that open access and availability of data makes relevant information public, which can be explored and reused by interested parties in producing new research on the subjects, as long as ethical and legal issues are protected. <\/span><\/p><p style=\"text-align: left;\"><span style=\"font-size: 12.0pt; line-height: 107%;\">With regard to open source, there is a democratization of the use of technology, reduction of the use of programs without the proper license and access, free of charge, to software and tools, benefiting a greater number of people. <\/span><span style=\"font-size: 12pt;\">With regard to citizen science, the focus is on making research accessible to the general public, bringing society closer to scientists and, consequently, to their respective research.<\/span><\/p><p style=\"text-align: left;\"><span style=\"font-size: 12.0pt; line-height: 107%;\">Faced with the challenges encountered, especially by health professionals, an example of Open Science was witnessed, the effectiveness of cooperation between scientists, through the sharing of data and results for the development of vaccines against Covid-19.<\/span><\/p><p style=\"text-align: left;\"><span style=\"font-size: 12.0pt; line-height: 107%;\">It is concluded, therefore, that Open Science is a movement of scientific progress, which requires a change of culture among researchers and institutions so that trust in science is increased.<\/span><\/p><p>Bibliographic References<\/p><p>BERBER SARDINHA, T.; MADUREIRA,S.; BRASIT, B.; SOUZA-E-SILVA, M.C.P.; CAMARGO, Z.; SPAGNUOLO, R.L.; BRAZ, A.A.B. Portal multimodal\/multil\u00edngue para o avan\u00e7o da Ci\u00eancia Aberta nas Humanidades. <em>Cadernos de Lingu\u00edstica,<\/em> v. 2, n.4, e406, 11 set. 2021\u00a0<\/p><p><strong>EDITORIAL<\/strong>\u00a0\u2022\u00a0Bakhtiniana, Rev. Estud. Discurso 17 (1)\u00a0\u2022\u00a0Jan-Mar\u00a02022\u00a0\u2022\u00a0<a href=\"https:\/\/doi.org\/10.1590\/2176-457356035\">https:\/\/doi.org\/10.1590\/2176-457356035<\/a>. Acesso em 17 mai. 2022. Dispon\u00edvel em:<a href=\"https:\/\/www.scielo.br\/j\/bak\/a\/xRnQ8JZnXy7fLhBLwnJL8tn\/?lang=pt\"> https:\/\/www.scielo.br\/j\/bak\/a\/xRnQ8JZnXy7fLhBLwnJL8tn\/?lang=pt<\/a><\/p><p>PACKER, A.L. and SANTOS, S. Ci\u00eancia aberta e o novo modus operandi de comunicar pesquisa \u2013 Parte II [online].\u00a0<i>SciELO em Perspectiva<\/i>, 2019. Acesso em 17 May 2022]. Dispon\u00edvel em: https:\/\/blog.scielo.org\/blog\/2019\/08\/01\/ciencia-aberta-e-o-novo-modus-operandi-de-comunicar-pesquisa-parte-ii\/<\/p>\t\t\t\t\t\t<\/div>\n\t\t\t\t<\/div>\n\t\t\t\t<div class=\"elementor-element elementor-element-6d9e870 elementor-widget elementor-widget-button\" data-id=\"6d9e870\" data-element_type=\"widget\" data-widget_type=\"button.default\">\n\t\t\t\t<div class=\"elementor-widget-container\">\n\t\t\t\t\t<div class=\"elementor-button-wrapper\">\n\t\t\t<a class=\"elementor-button elementor-button-link elementor-size-sm\" href=\"#\">\n\t\t\t\t\t\t<span class=\"elementor-button-content-wrapper\">\n\t\t\t\t\t\t<span class=\"elementor-button-text\">Click here<\/span>\n\t\t<\/span>\n\t\t\t\t\t<\/a>\n\t\t<\/div>\n\t\t\t\t<\/div>\n\t\t\t\t<\/div>\n\t\t\t\t\t<\/div>\n\t\t<\/div>\n\t\t\t\t\t\t\t<\/div>\n\t\t<\/section>\n\t\t\t\t\t\t\t<\/div>","protected":false},"excerpt":{"rendered":"<p>Este Portal Multimodal\/Multil\u00edngue para o Avan\u00e7o da Ci\u00eancia Aberta tem por objetivo colaborar com um movimento que partilha da mesma [&hellip;]<\/p>","protected":false},"author":1,"featured_media":445,"parent":0,"menu_order":0,"comment_status":"closed","ping_status":"closed","template":"","meta":{"ngg_post_thumbnail":0,"footnotes":""},"class_list":["post-372","page","type-page","status-publish","has-post-thumbnail","hentry"],"_links":{"self":[{"href":"https:\/\/cienciaaberta.org\/en\/wp-json\/wp\/v2\/pages\/372","targetHints":{"allow":["GET"]}}],"collection":[{"href":"https:\/\/cienciaaberta.org\/en\/wp-json\/wp\/v2\/pages"}],"about":[{"href":"https:\/\/cienciaaberta.org\/en\/wp-json\/wp\/v2\/types\/page"}],"author":[{"embeddable":true,"href":"https:\/\/cienciaaberta.org\/en\/wp-json\/wp\/v2\/users\/1"}],"replies":[{"embeddable":true,"href":"https:\/\/cienciaaberta.org\/en\/wp-json\/wp\/v2\/comments?post=372"}],"version-history":[{"count":37,"href":"https:\/\/cienciaaberta.org\/en\/wp-json\/wp\/v2\/pages\/372\/revisions"}],"predecessor-version":[{"id":1079,"href":"https:\/\/cienciaaberta.org\/en\/wp-json\/wp\/v2\/pages\/372\/revisions\/1079"}],"wp:featuredmedia":[{"embeddable":true,"href":"https:\/\/cienciaaberta.org\/en\/wp-json\/wp\/v2\/media\/445"}],"wp:attachment":[{"href":"https:\/\/cienciaaberta.org\/en\/wp-json\/wp\/v2\/media?parent=372"}],"curies":[{"name":"wp","href":"https:\/\/api.w.org\/{rel}","templated":true}]}}