{"id":688,"date":"2022-03-07T10:46:14","date_gmt":"2022-03-07T10:46:14","guid":{"rendered":"https:\/\/cienciaaberta.org\/?page_id=688"},"modified":"2022-08-23T06:43:46","modified_gmt":"2022-08-23T06:43:46","slug":"bibliotecas","status":"publish","type":"page","link":"https:\/\/cienciaaberta.org\/en\/bibliotecas\/","title":{"rendered":"Collections"},"content":{"rendered":"<div data-elementor-type=\"wp-page\" data-elementor-id=\"688\" class=\"elementor elementor-688\">\n\t\t\t\t\t\t\t\t\t<section class=\"elementor-section elementor-top-section elementor-element elementor-element-3b48574 elementor-section-boxed elementor-section-height-default elementor-section-height-default\" data-id=\"3b48574\" data-element_type=\"section\">\n\t\t\t\t\t\t<div class=\"elementor-container elementor-column-gap-default\">\n\t\t\t\t\t<div class=\"elementor-column elementor-col-100 elementor-top-column elementor-element elementor-element-b571da9\" data-id=\"b571da9\" data-element_type=\"column\">\n\t\t\t<div class=\"elementor-widget-wrap\">\n\t\t\t\t\t\t\t\t\t<\/div>\n\t\t<\/div>\n\t\t\t\t\t\t\t<\/div>\n\t\t<\/section>\n\t\t\t\t<section class=\"elementor-section elementor-top-section elementor-element elementor-element-03f5b16 elementor-section-boxed elementor-section-height-default elementor-section-height-default\" data-id=\"03f5b16\" data-element_type=\"section\">\n\t\t\t\t\t\t<div class=\"elementor-container elementor-column-gap-default\">\n\t\t\t\t\t<div class=\"elementor-column elementor-col-100 elementor-top-column elementor-element elementor-element-a176dbf\" data-id=\"a176dbf\" data-element_type=\"column\">\n\t\t\t<div class=\"elementor-widget-wrap elementor-element-populated\">\n\t\t\t\t\t\t\t\t<div class=\"elementor-element elementor-element-2b10cda content-align-cta-default elementor-widget elementor-widget-eael-cta-box\" data-id=\"2b10cda\" data-element_type=\"widget\" data-widget_type=\"eael-cta-box.default\">\n\t\t\t\t<div class=\"elementor-widget-container\">\n\t\t\t\t\t<div class=\"eael-call-to-action cta-basic bg-img bg-fixed cta-preset-1\">\n        <h2 class=\"title\">PUC-SP Repository: Open Data<\/h2><p><p><strong>Access Data made available by PUC-SP:<\/strong><\/p><figure id=\"attachment_530\" aria-describedby=\"caption-attachment-530\" style=\"width: 125px\" class=\"wp-caption alignright\"><a href=\"https:\/\/tede2.pucsp.br\/simple-search?filterquery=Acesso+Aberto&amp;filtername=access&amp;filtertype=equals\"><img loading=\"lazy\" decoding=\"async\" class=\"wp-image-530\" src=\"https:\/\/cienciaaberta.org\/wp-content\/uploads\/2022\/02\/pesq-08-150x150.png\" alt=\"\" width=\"125\" height=\"125\" \/><\/a><figcaption id=\"caption-attachment-530\" class=\"wp-caption-text\">PUC-SP Theses Repository<\/figcaption><\/figure><\/p><a href=\"https:\/\/tede2.pucsp.br\/simple-search?filterquery=Acesso+Aberto&#038;filtername=access&#038;filtertype=equals\" class=\"cta-button\">Learn more<\/a>\t<\/div>\n\t\t\t\t\t\t<\/div>\n\t\t\t\t<\/div>\n\t\t\t\t<div class=\"elementor-element elementor-element-e1b664d content-align-cta-default elementor-widget elementor-widget-eael-cta-box\" data-id=\"e1b664d\" data-element_type=\"widget\" data-widget_type=\"eael-cta-box.default\">\n\t\t\t\t<div class=\"elementor-widget-container\">\n\t\t\t\t\t<div class=\"eael-call-to-action cta-basic bg-img bg-fixed cta-preset-1\">\n        <h2 class=\"title\">PUC-SP Theses &amp; dissertations<\/h2><p><p><strong>Search for author or title in PUC-SP website:<\/strong><\/p><figure id=\"attachment_531\" aria-describedby=\"caption-attachment-531\" style=\"width: 125px\" class=\"wp-caption alignright\"><a href=\"https:\/\/tede2.pucsp.br\/simple-search?filterquery=Acesso+Aberto&amp;filtername=access&amp;filtertype=equals\"><img loading=\"lazy\" decoding=\"async\" class=\"wp-image-531\" src=\"https:\/\/cienciaaberta.org\/wp-content\/uploads\/2022\/02\/pesq-09-150x150.png\" alt=\"\" width=\"125\" height=\"125\" \/><\/a><figcaption id=\"caption-attachment-531\" class=\"wp-caption-text\">PUC-SP Libraries<\/figcaption><\/figure><\/p><a href=\"https:\/\/tede2.pucsp.br\/simple-search?filterquery=Acesso+Aberto&#038;filtername=access&#038;filtertype=equals\" class=\"cta-button\">Search<\/a>\t<\/div>\n\t\t\t\t\t\t<\/div>\n\t\t\t\t<\/div>\n\t\t\t\t\t<\/div>\n\t\t<\/div>\n\t\t\t\t\t\t\t<\/div>\n\t\t<\/section>\n\t\t\t\t<section class=\"elementor-section elementor-top-section elementor-element elementor-element-6daa612 elementor-section-boxed elementor-section-height-default elementor-section-height-default\" data-id=\"6daa612\" data-element_type=\"section\">\n\t\t\t\t\t\t<div class=\"elementor-container elementor-column-gap-default\">\n\t\t\t\t\t<div class=\"elementor-column elementor-col-100 elementor-top-column elementor-element elementor-element-397596f\" data-id=\"397596f\" data-element_type=\"column\">\n\t\t\t<div class=\"elementor-widget-wrap elementor-element-populated\">\n\t\t\t\t\t\t\t\t<div class=\"elementor-element elementor-element-1b56a25 content-align-cta-default elementor-widget elementor-widget-eael-cta-box\" data-id=\"1b56a25\" data-element_type=\"widget\" data-widget_type=\"eael-cta-box.default\">\n\t\t\t\t<div class=\"elementor-widget-container\">\n\t\t\t\t\t<div class=\"eael-call-to-action cta-basic bg-img bg-fixed cta-preset-1\">\n        <h2 class=\"title\">PUC-SP DELTA Journal<\/h2><p><p><strong><span style=\"color: #993300;\">DELTA Journal aims to publish research with theoretical or applied characteristics which are inserted in the linguistics area.<\/span><\/strong><\/p><p>\u00a0<\/p><figure id=\"attachment_532\" aria-describedby=\"caption-attachment-532\" style=\"width: 125px\" class=\"wp-caption alignright\"><a href=\"https:\/\/www.scielo.br\/j\/delta\/\"><img loading=\"lazy\" decoding=\"async\" class=\"wp-image-532\" src=\"https:\/\/cienciaaberta.org\/wp-content\/uploads\/2022\/02\/pesq-10-150x150.png\" alt=\"\" width=\"125\" height=\"125\" srcset=\"https:\/\/cienciaaberta.org\/wp-content\/uploads\/2022\/02\/pesq-10-150x150.png 150w, https:\/\/cienciaaberta.org\/wp-content\/uploads\/2022\/02\/pesq-10.png 280w\" sizes=\"auto, (max-width: 125px) 100vw, 125px\" \/><\/a><figcaption id=\"caption-attachment-532\" class=\"wp-caption-text\">Delta Journal<\/figcaption><\/figure><\/p><a href=\"https:\/\/www.scielo.br\/j\/delta\/\" class=\"cta-button\">Access<\/a>\t<\/div>\n\t\t\t\t\t\t<\/div>\n\t\t\t\t<\/div>\n\t\t\t\t\t<\/div>\n\t\t<\/div>\n\t\t\t\t\t\t\t<\/div>\n\t\t<\/section>\n\t\t\t\t<section class=\"elementor-section elementor-top-section elementor-element elementor-element-e1092e4 elementor-section-boxed elementor-section-height-default elementor-section-height-default\" data-id=\"e1092e4\" data-element_type=\"section\">\n\t\t\t\t\t\t<div class=\"elementor-container elementor-column-gap-default\">\n\t\t\t\t\t<div class=\"elementor-column elementor-col-100 elementor-top-column elementor-element elementor-element-f98c94d\" data-id=\"f98c94d\" data-element_type=\"column\">\n\t\t\t<div class=\"elementor-widget-wrap elementor-element-populated\">\n\t\t\t\t\t\t\t\t<div class=\"elementor-element elementor-element-d973dc2 content-align-cta-default elementor-widget elementor-widget-eael-cta-box\" data-id=\"d973dc2\" data-element_type=\"widget\" data-widget_type=\"eael-cta-box.default\">\n\t\t\t\t<div class=\"elementor-widget-container\">\n\t\t\t\t\t<div class=\"eael-call-to-action cta-basic bg-img bg-fixed cta-preset-1\">\n        <h2 class=\"title\">PUC-SP Bakhtiniana Journal<\/h2><p><p><strong><span style=\"color: #993300;\">A journal created by LAEL and by the Language, Identity and Memory Research Group\/CNPq which aims to promote research related to the study of speech.<\/span><\/strong><\/p><figure id=\"attachment_534\" aria-describedby=\"caption-attachment-534\" style=\"width: 125px\" class=\"wp-caption alignright\"><a href=\"https:\/\/revistas.pucsp.br\/index.php\/bakhtiniana\"><img loading=\"lazy\" decoding=\"async\" class=\"wp-image-534\" src=\"https:\/\/cienciaaberta.org\/wp-content\/uploads\/2022\/02\/pesq-12-150x150.png\" alt=\"\" width=\"125\" height=\"125\" srcset=\"https:\/\/cienciaaberta.org\/wp-content\/uploads\/2022\/02\/pesq-12-150x150.png 150w, https:\/\/cienciaaberta.org\/wp-content\/uploads\/2022\/02\/pesq-12.png 279w\" sizes=\"auto, (max-width: 125px) 100vw, 125px\" \/><\/a><figcaption id=\"caption-attachment-534\" class=\"wp-caption-text\">Bakhtiniana Journal<\/figcaption><\/figure><\/p><a href=\"https:\/\/revistas.pucsp.br\/index.php\/bakhtiniana\" class=\"cta-button\">Learn more<\/a>\t<\/div>\n\t\t\t\t\t\t<\/div>\n\t\t\t\t<\/div>\n\t\t\t\t\t<\/div>\n\t\t<\/div>\n\t\t\t\t\t\t\t<\/div>\n\t\t<\/section>\n\t\t\t\t<section class=\"elementor-section elementor-top-section elementor-element elementor-element-432ec29 elementor-section-boxed elementor-section-height-default elementor-section-height-default\" data-id=\"432ec29\" data-element_type=\"section\">\n\t\t\t\t\t\t<div class=\"elementor-container elementor-column-gap-default\">\n\t\t\t\t\t<div class=\"elementor-column elementor-col-100 elementor-top-column elementor-element elementor-element-13eebe9\" data-id=\"13eebe9\" data-element_type=\"column\">\n\t\t\t<div class=\"elementor-widget-wrap elementor-element-populated\">\n\t\t\t\t\t\t\t\t<div class=\"elementor-element elementor-element-20c745b content-align-cta-default elementor-widget elementor-widget-eael-cta-box\" data-id=\"20c745b\" data-element_type=\"widget\" data-widget_type=\"eael-cta-box.default\">\n\t\t\t\t<div class=\"elementor-widget-container\">\n\t\t\t\t\t<div class=\"eael-call-to-action cta-basic bg-img bg-fixed cta-preset-1\">\n        <h2 class=\"title\">PUC-SP Interc\u00e2mbio Journal<\/h2><p><p><span style=\"color: #993300;\"><strong>LAEL's journal which aims <\/strong><\/span><span style=\"color: #993300;\"><strong>to promote the publication of works that address Applied Linguistics and Language Studies subjects.\u00a0<\/strong><\/span><\/p><figure id=\"attachment_533\" aria-describedby=\"caption-attachment-533\" style=\"width: 125px\" class=\"wp-caption alignright\"><a href=\"https:\/\/revistas.pucsp.br\/index.php\/intercambio\/index\"><img loading=\"lazy\" decoding=\"async\" class=\"wp-image-533\" src=\"https:\/\/cienciaaberta.org\/wp-content\/uploads\/2022\/02\/pesq-11-150x150.png\" alt=\"\" width=\"125\" height=\"125\" srcset=\"https:\/\/cienciaaberta.org\/wp-content\/uploads\/2022\/02\/pesq-11-150x150.png 150w, https:\/\/cienciaaberta.org\/wp-content\/uploads\/2022\/02\/pesq-11.png 279w\" sizes=\"auto, (max-width: 125px) 100vw, 125px\" \/><\/a><figcaption id=\"caption-attachment-533\" class=\"wp-caption-text\">Interc\u00e2mbio Journal<\/figcaption><\/figure><\/p><a href=\"https:\/\/revistas.pucsp.br\/index.php\/intercambio\/index\" class=\"cta-button\">Learn more<\/a>\t<\/div>\n\t\t\t\t\t\t<\/div>\n\t\t\t\t<\/div>\n\t\t\t\t<div class=\"elementor-element elementor-element-f06f982 content-align-cta-default elementor-widget elementor-widget-eael-cta-box\" data-id=\"f06f982\" data-element_type=\"widget\" data-widget_type=\"eael-cta-box.default\">\n\t\t\t\t<div class=\"elementor-widget-container\">\n\t\t\t\t\t<div class=\"eael-call-to-action cta-basic bg-img bg-fixed cta-preset-1\">\n        <h2 class=\"title\">CAPES Open Data<\/h2><p><p><strong>Digital library which unites and makes international scientific productions available for educational and research institutions in Brazil.<\/strong><\/p><figure id=\"attachment_528\" aria-describedby=\"caption-attachment-528\" style=\"width: 126px\" class=\"wp-caption alignright\"><a href=\"https:\/\/dadosabertos.capes.gov.br\/organization\/acesso-ao-portal-de-periodicos\"><img loading=\"lazy\" decoding=\"async\" class=\"wp-image-528\" src=\"https:\/\/cienciaaberta.org\/wp-content\/uploads\/2022\/02\/pesq-06-150x150.png\" alt=\"\" width=\"126\" height=\"126\" srcset=\"https:\/\/cienciaaberta.org\/wp-content\/uploads\/2022\/02\/pesq-06-150x150.png 150w, https:\/\/cienciaaberta.org\/wp-content\/uploads\/2022\/02\/pesq-06.png 288w\" sizes=\"auto, (max-width: 126px) 100vw, 126px\" \/><\/a><figcaption id=\"caption-attachment-528\" class=\"wp-caption-text\">CAPES Open Data<\/figcaption><\/figure><\/p><a href=\"https:\/\/catalogodeteses.capes.gov.br\/catalogo-teses\/#!\/\" class=\"cta-button\">Access Theses<\/a><a href=\"https:\/\/dadosabertos.capes.gov.br\/organization\/acesso-ao-portal-de-periodicos\" class=\"cta-button cta-secondary-button\">Learn more about the periodicals<\/a>\t<\/div>\n\t\t\t\t\t\t<\/div>\n\t\t\t\t<\/div>\n\t\t\t\t\t<\/div>\n\t\t<\/div>\n\t\t\t\t\t\t\t<\/div>\n\t\t<\/section>\n\t\t\t\t<section class=\"elementor-section elementor-top-section elementor-element elementor-element-d6a37a1 elementor-section-boxed elementor-section-height-default elementor-section-height-default\" data-id=\"d6a37a1\" data-element_type=\"section\">\n\t\t\t\t\t\t<div class=\"elementor-container elementor-column-gap-default\">\n\t\t\t\t\t<div class=\"elementor-column elementor-col-100 elementor-top-column elementor-element elementor-element-ae793b3\" data-id=\"ae793b3\" data-element_type=\"column\">\n\t\t\t<div class=\"elementor-widget-wrap elementor-element-populated\">\n\t\t\t\t\t\t\t\t<div class=\"elementor-element elementor-element-5583fe6 content-align-cta-default elementor-widget elementor-widget-eael-cta-box\" data-id=\"5583fe6\" data-element_type=\"widget\" data-widget_type=\"eael-cta-box.default\">\n\t\t\t\t<div class=\"elementor-widget-container\">\n\t\t\t\t\t<div class=\"eael-call-to-action cta-basic bg-img bg-fixed cta-preset-1\">\n        <h2 class=\"title\">SciELO Open Data<\/h2><p><p>Digital open access library for Brazilian scientific periodicals digital publication.<\/p><figure id=\"attachment_529\" aria-describedby=\"caption-attachment-529\" style=\"width: 125px\" class=\"wp-caption alignright\"><a href=\"https:\/\/scielo.org\/\"><img loading=\"lazy\" decoding=\"async\" class=\"wp-image-529\" src=\"https:\/\/cienciaaberta.org\/wp-content\/uploads\/2022\/02\/pesq-07-150x150.png\" alt=\"\" width=\"125\" height=\"125\" \/><\/a><figcaption id=\"caption-attachment-529\" class=\"wp-caption-text\">SciELO Data Blog<\/figcaption><\/figure><\/p><a href=\"https:\/\/scielo.org\/\" class=\"cta-button\">Access<\/a>\t<\/div>\n\t\t\t\t\t\t<\/div>\n\t\t\t\t<\/div>\n\t\t\t\t\t<\/div>\n\t\t<\/div>\n\t\t\t\t\t\t\t<\/div>\n\t\t<\/section>\n\t\t\t\t<section class=\"elementor-section elementor-top-section elementor-element elementor-element-9674254 elementor-section-boxed elementor-section-height-default elementor-section-height-default\" data-id=\"9674254\" data-element_type=\"section\">\n\t\t\t\t\t\t<div class=\"elementor-container elementor-column-gap-default\">\n\t\t\t\t\t<div class=\"elementor-column elementor-col-100 elementor-top-column elementor-element elementor-element-233857a\" data-id=\"233857a\" data-element_type=\"column\">\n\t\t\t<div class=\"elementor-widget-wrap elementor-element-populated\">\n\t\t\t\t\t\t\t\t<div class=\"elementor-element elementor-element-95c0bcc content-align-cta-default elementor-widget elementor-widget-eael-cta-box\" data-id=\"95c0bcc\" data-element_type=\"widget\" data-widget_type=\"eael-cta-box.default\">\n\t\t\t\t<div class=\"elementor-widget-container\">\n\t\t\t\t\t<div class=\"eael-call-to-action cta-basic bg-img bg-fixed cta-preset-1\">\n        <h2 class=\"title\">Oasisbr Open Data Portal<\/h2><p><p>It's a multidisciplinary search tool which allows open access to Brazilian scientific publications.\u00a0<\/p><figure id=\"attachment_535\" aria-describedby=\"caption-attachment-535\" style=\"width: 125px\" class=\"wp-caption alignright\"><a href=\"https:\/\/oasisbr.ibict.br\/vufind\/\"><img loading=\"lazy\" decoding=\"async\" class=\"wp-image-535\" src=\"https:\/\/cienciaaberta.org\/wp-content\/uploads\/2022\/02\/pesq-13-150x150.png\" alt=\"\" width=\"125\" height=\"125\" srcset=\"https:\/\/cienciaaberta.org\/wp-content\/uploads\/2022\/02\/pesq-13-150x150.png 150w, https:\/\/cienciaaberta.org\/wp-content\/uploads\/2022\/02\/pesq-13.png 279w\" sizes=\"auto, (max-width: 125px) 100vw, 125px\" \/><\/a><figcaption id=\"caption-attachment-535\" class=\"wp-caption-text\">OasisBr<\/figcaption><\/figure><\/p><a href=\"https:\/\/oasisbr.ibict.br\/vufind\/\" class=\"cta-button\">Visit<\/a>\t<\/div>\n\t\t\t\t\t\t<\/div>\n\t\t\t\t<\/div>\n\t\t\t\t\t<\/div>\n\t\t<\/div>\n\t\t\t\t\t\t\t<\/div>\n\t\t<\/section>\n\t\t\t\t<section class=\"elementor-section elementor-top-section elementor-element elementor-element-90a0dd0 elementor-section-boxed elementor-section-height-default elementor-section-height-default\" data-id=\"90a0dd0\" data-element_type=\"section\">\n\t\t\t\t\t\t<div class=\"elementor-container elementor-column-gap-default\">\n\t\t\t\t\t<div class=\"elementor-column elementor-col-100 elementor-top-column elementor-element elementor-element-67cd7f6\" data-id=\"67cd7f6\" data-element_type=\"column\">\n\t\t\t<div class=\"elementor-widget-wrap elementor-element-populated\">\n\t\t\t\t\t\t\t\t<div class=\"elementor-element elementor-element-48428eb content-align-cta-default elementor-widget elementor-widget-eael-cta-box\" data-id=\"48428eb\" data-element_type=\"widget\" data-widget_type=\"eael-cta-box.default\">\n\t\t\t\t<div class=\"elementor-widget-container\">\n\t\t\t\t\t<div class=\"eael-call-to-action cta-basic bg-img bg-fixed cta-preset-1\">\n        <h2 class=\"title\">FAPESP Open Data<\/h2><p><p><strong>Virtual Library Webpage which unites information on scholarships and financial aid for different research fields supported by FAPESP in Open Data.<\/strong><\/p><figure id=\"attachment_537\" aria-describedby=\"caption-attachment-537\" style=\"width: 126px\" class=\"wp-caption alignright\"><a href=\"https:\/\/cienciaaberta.fapesp.br\/\"><img loading=\"lazy\" decoding=\"async\" class=\"wp-image-537\" src=\"https:\/\/cienciaaberta.org\/wp-content\/uploads\/2022\/02\/pesq-15-150x150.png\" alt=\"\" width=\"126\" height=\"126\" \/><\/a><figcaption id=\"caption-attachment-537\" class=\"wp-caption-text\">Open Science Fapesp<\/figcaption><\/figure><\/p><a href=\"https:\/\/cienciaaberta.fapesp.br\/\" class=\"cta-button\">Access<\/a>\t<\/div>\n\t\t\t\t\t\t<\/div>\n\t\t\t\t<\/div>\n\t\t\t\t\t<\/div>\n\t\t<\/div>\n\t\t\t\t\t\t\t<\/div>\n\t\t<\/section>\n\t\t\t\t<section class=\"elementor-section elementor-top-section elementor-element elementor-element-cee2cc4 elementor-section-boxed elementor-section-height-default elementor-section-height-default\" data-id=\"cee2cc4\" data-element_type=\"section\">\n\t\t\t\t\t\t<div class=\"elementor-container elementor-column-gap-default\">\n\t\t\t\t\t<div class=\"elementor-column elementor-col-100 elementor-top-column elementor-element elementor-element-35626f7\" data-id=\"35626f7\" data-element_type=\"column\">\n\t\t\t<div class=\"elementor-widget-wrap elementor-element-populated\">\n\t\t\t\t\t\t\t\t<div class=\"elementor-element elementor-element-2577c14 content-align-cta-default elementor-widget elementor-widget-eael-cta-box\" data-id=\"2577c14\" data-element_type=\"widget\" data-widget_type=\"eael-cta-box.default\">\n\t\t\t\t<div class=\"elementor-widget-container\">\n\t\t\t\t\t<div class=\"eael-call-to-action cta-basic bg-img bg-fixed cta-preset-1\">\n        <h2 class=\"title\">TalkBank Open Data <\/h2><p><p><strong>TalkBank is a project organized by Brian MacWhinney, at Carnegie Mellon University, with the support and cooperation of numerous collaborators.  TalkBank's goal is to promote research in human communication, with emphasis in spoken communication. Currently, Talkbank offers repositories in 14 research fields.<\/strong><\/p><figure id=\"attachment_538\" aria-describedby=\"caption-attachment-538\" style=\"width: 126px\" class=\"wp-caption alignright\"><a href=\"https:\/\/www.talkbank.org\/\"><img loading=\"lazy\" decoding=\"async\" class=\"wp-image-538\" src=\"https:\/\/cienciaaberta.org\/wp-content\/uploads\/2022\/02\/pesq-16-150x150.png\" alt=\"\" width=\"126\" height=\"126\" \/><\/a><figcaption id=\"caption-attachment-538\" class=\"wp-caption-text\">Talkbank<\/figcaption><\/figure><\/p><a href=\"https:\/\/www.talkbank.org\/\" class=\"cta-button\">Access<\/a>\t<\/div>\n\t\t\t\t\t\t<\/div>\n\t\t\t\t<\/div>\n\t\t\t\t\t<\/div>\n\t\t<\/div>\n\t\t\t\t\t\t\t<\/div>\n\t\t<\/section>\n\t\t\t\t<section class=\"elementor-section elementor-top-section elementor-element elementor-element-e0ef980 elementor-section-boxed elementor-section-height-default elementor-section-height-default\" data-id=\"e0ef980\" data-element_type=\"section\">\n\t\t\t\t\t\t<div class=\"elementor-container elementor-column-gap-default\">\n\t\t\t\t\t<div class=\"elementor-column elementor-col-100 elementor-top-column elementor-element elementor-element-f7a2245\" data-id=\"f7a2245\" data-element_type=\"column\">\n\t\t\t<div class=\"elementor-widget-wrap elementor-element-populated\">\n\t\t\t\t\t\t\t\t<div class=\"elementor-element elementor-element-177f2bc content-align-cta-default elementor-widget elementor-widget-eael-cta-box\" data-id=\"177f2bc\" data-element_type=\"widget\" data-widget_type=\"eael-cta-box.default\">\n\t\t\t\t<div class=\"elementor-widget-container\">\n\t\t\t\t\t<div class=\"eael-call-to-action cta-basic bg-img bg-fixed cta-preset-1\">\n        <h2 class=\"title\">Colet\u00e2nea - Fon\u00e9tica Cl\u00ednica : Intera\u00e7\u00f5es<\/h2><p><p><span style=\"color: #003366;\">Esta obra tra\u00e7a um panorama detalhado da pesquisa inovadora realizada no \u00e2mbito do Grupo de Pesquisa em Estudos sobre a Fala (GeFALA) e\u00a0 do Laborat\u00f3rio Integrado de An\u00e1lise Ac\u00fastica e Cogni\u00e7\u00e3o (LIAAC) da PUCSP. Os autores exploram as v\u00e1rias facetas da Fon\u00e9tica Cl\u00ednica, resultante da intersec\u00e7\u00e3o da Fon\u00e9tica com a cl\u00ednica fonoaudiol\u00f3gica. Os trabalhos mostram como essa \u00e1rea lida com quest\u00f5es de fala, voz, motricidade orofacial, audi\u00e7\u00e3o e disfagia, envolvendo inclusive sujeitos com defici\u00eancia auditiva e com sequelas de tratamento oncol\u00f3gico. A obra exibe os frutos de uma longa jornada de valoriza\u00e7\u00e3o da ci\u00eancia, sempre apoiada no rigor acad\u00eamico, na s\u00f3lida forma\u00e7\u00e3o e aperfei\u00e7oamento de estudantes e pesquisadores. Os trabalhos s\u00e3o prova da import\u00e2ncia fundamental do fomento \u00e0 pesquisa, o qual torna poss\u00edvel a realiza\u00e7\u00e3o dos projetos que levam a descobertas que v\u00e3o trazer melhor qualidade de vida para a popula\u00e7\u00e3o. O leitor vai encontrar trabalhos afinados com preocupa\u00e7\u00f5es contempor\u00e2neas da ci\u00eancia, como os Objetivos de Desenvolvimento Sustent\u00e1vel das Na\u00e7\u00f5es Unidas e a Ci\u00eancia Aberta, os quais norteiam a miss\u00e3o e o plano estrat\u00e9gico do LAEL. Em um ambiente cada vez mais competitivo por recursos de pesquisa, devemos salientar a capacidade do grupo em conseguir apoio das ag\u00eancias de fomento e do Programa de Incentivo \u00e0 Pesquisa (PIPeq), da PUCSP. O volume \u00e9 testemunho do poder de redes de pesquisa entregarem \u00e0 sociedade inova\u00e7\u00e3o, impacto e excel\u00eancia.<\/span><\/p><p><span style=\"color: #003366;\">Fonte de Financiamento: Plano de Incentivo \u00e0 Pesquisa- PUC-SP; PIPEq - Publica\u00e7\u00e3o de Livros.\u00a0<\/span><\/p><p><span style=\"color: #003366;\">Contato:\u00a0<a style=\"color: #003366;\" href=\"mailto:zcamargo@pucsp.br\">zcamargo@pucsp.br<\/a><\/span><\/p><\/p><a href=\"https:\/\/cienciaaberta.org\/en\/?post_type=wpdmpro&#038;p=1262&#038;preview=true\" target=\"_blank\" class=\"cta-button\">Baixe o Livro <\/a>\t<\/div>\n\t\t\t\t\t\t<\/div>\n\t\t\t\t<\/div>\n\t\t\t\t\t<\/div>\n\t\t<\/div>\n\t\t\t\t\t\t\t<\/div>\n\t\t<\/section>\n\t\t\t\t\t\t\t<\/div>","protected":false},"excerpt":{"rendered":"<p>Reposit\u00f3rio PUC-SP: Dados abertos Acesse os dados disponibilizados pela PUC-SP: Confira Teses &amp; Disserta\u00e7\u00f5es PUC-SP Pesquise, por autor ou t\u00edtulo, [&hellip;]<\/p>","protected":false},"author":1,"featured_media":0,"parent":0,"menu_order":0,"comment_status":"closed","ping_status":"closed","template":"","meta":{"ngg_post_thumbnail":0,"footnotes":""},"class_list":["post-688","page","type-page","status-publish","hentry"],"_links":{"self":[{"href":"https:\/\/cienciaaberta.org\/en\/wp-json\/wp\/v2\/pages\/688","targetHints":{"allow":["GET"]}}],"collection":[{"href":"https:\/\/cienciaaberta.org\/en\/wp-json\/wp\/v2\/pages"}],"about":[{"href":"https:\/\/cienciaaberta.org\/en\/wp-json\/wp\/v2\/types\/page"}],"author":[{"embeddable":true,"href":"https:\/\/cienciaaberta.org\/en\/wp-json\/wp\/v2\/users\/1"}],"replies":[{"embeddable":true,"href":"https:\/\/cienciaaberta.org\/en\/wp-json\/wp\/v2\/comments?post=688"}],"version-history":[{"count":180,"href":"https:\/\/cienciaaberta.org\/en\/wp-json\/wp\/v2\/pages\/688\/revisions"}],"predecessor-version":[{"id":1284,"href":"https:\/\/cienciaaberta.org\/en\/wp-json\/wp\/v2\/pages\/688\/revisions\/1284"}],"wp:attachment":[{"href":"https:\/\/cienciaaberta.org\/en\/wp-json\/wp\/v2\/media?parent=688"}],"curies":[{"name":"wp","href":"https:\/\/api.w.org\/{rel}","templated":true}]}}