{"id":727,"date":"2022-03-08T01:40:27","date_gmt":"2022-03-08T01:40:27","guid":{"rendered":"https:\/\/cienciaaberta.org\/?page_id=727"},"modified":"2022-08-23T06:01:48","modified_gmt":"2022-08-23T06:01:48","slug":"ferramentas","status":"publish","type":"page","link":"https:\/\/cienciaaberta.org\/en\/ferramentas\/","title":{"rendered":"Tools"},"content":{"rendered":"<div data-elementor-type=\"wp-page\" data-elementor-id=\"727\" class=\"elementor elementor-727\">\n\t\t\t\t\t\t\t\t\t<section class=\"elementor-section elementor-top-section elementor-element elementor-element-a009c38 elementor-section-boxed elementor-section-height-default elementor-section-height-default\" data-id=\"a009c38\" data-element_type=\"section\">\n\t\t\t\t\t\t<div class=\"elementor-container elementor-column-gap-default\">\n\t\t\t\t\t<div class=\"elementor-column elementor-col-100 elementor-top-column elementor-element elementor-element-77fdb2a\" data-id=\"77fdb2a\" data-element_type=\"column\">\n\t\t\t<div class=\"elementor-widget-wrap elementor-element-populated\">\n\t\t\t\t\t\t\t\t<div class=\"elementor-element elementor-element-be7e2fd elementor-widget elementor-widget-heading\" data-id=\"be7e2fd\" data-element_type=\"widget\" data-widget_type=\"heading.default\">\n\t\t\t\t<div class=\"elementor-widget-container\">\n\t\t\t<style>\/*! elementor - v3.15.0 - 09-08-2023 *\/\n.elementor-heading-title{padding:0;margin:0;line-height:1}.elementor-widget-heading .elementor-heading-title[class*=elementor-size-]>a{color:inherit;font-size:inherit;line-height:inherit}.elementor-widget-heading .elementor-heading-title.elementor-size-small{font-size:15px}.elementor-widget-heading .elementor-heading-title.elementor-size-medium{font-size:19px}.elementor-widget-heading .elementor-heading-title.elementor-size-large{font-size:29px}.elementor-widget-heading .elementor-heading-title.elementor-size-xl{font-size:39px}.elementor-widget-heading .elementor-heading-title.elementor-size-xxl{font-size:59px}<\/style><h2 class=\"elementor-heading-title elementor-size-default\">Computational tools in Applied Linguistics<\/h2>\t\t<\/div>\n\t\t\t\t<\/div>\n\t\t\t\t\t<\/div>\n\t\t<\/div>\n\t\t\t\t\t\t\t<\/div>\n\t\t<\/section>\n\t\t\t\t<section class=\"elementor-section elementor-top-section elementor-element elementor-element-370b1e5 elementor-section-boxed elementor-section-height-default elementor-section-height-default\" data-id=\"370b1e5\" data-element_type=\"section\">\n\t\t\t\t\t\t<div class=\"elementor-container elementor-column-gap-default\">\n\t\t\t\t\t<div class=\"elementor-column elementor-col-100 elementor-top-column elementor-element elementor-element-cb87a8e\" data-id=\"cb87a8e\" data-element_type=\"column\">\n\t\t\t<div class=\"elementor-widget-wrap elementor-element-populated\">\n\t\t\t\t\t\t\t\t<div class=\"elementor-element elementor-element-2f2e24d content-align-cta-default elementor-widget elementor-widget-eael-cta-box\" data-id=\"2f2e24d\" data-element_type=\"widget\" data-widget_type=\"eael-cta-box.default\">\n\t\t\t\t<div class=\"elementor-widget-container\">\n\t\t\t\t\t<div class=\"eael-call-to-action cta-basic bg-img bg-fixed cta-preset-1\">\n        <h2 class=\"title\">AntConc 3.5.8<\/h2><p><p><strong>AntConc <i>3.5.8<\/i> is a toolkit for text analysis and can be downloaded for free from Laurence Anthony's website. This kit provides a concordance tool, file viewer, word list tool and a collocation identifier. In addition, ot<\/strong><strong>her very useful tools for text analysis, such as the TagAnt tagger, the AntCorGen <em>corpora<\/em> generator and the AntfileConverter can be downloaded from the same website.<\/strong><\/p><\/p><a href=\"https:\/\/www.laurenceanthony.net\/software\/antconc\/\" class=\"cta-button\">Access<\/a>\t<\/div>\n\t\t\t\t\t\t<\/div>\n\t\t\t\t<\/div>\n\t\t\t\t<div class=\"elementor-element elementor-element-a6e5552 elementor-widget elementor-widget-menu-anchor\" data-id=\"a6e5552\" data-element_type=\"widget\" data-widget_type=\"menu-anchor.default\">\n\t\t\t\t<div class=\"elementor-widget-container\">\n\t\t\t<style>\/*! elementor - v3.15.0 - 09-08-2023 *\/\nbody.elementor-page .elementor-widget-menu-anchor{margin-bottom:0}<\/style>\t\t<div id=\"AntCont\" class=\"elementor-menu-anchor\"><\/div>\n\t\t\t\t<\/div>\n\t\t\t\t<\/div>\n\t\t\t\t\t<\/div>\n\t\t<\/div>\n\t\t\t\t\t\t\t<\/div>\n\t\t<\/section>\n\t\t\t\t<section class=\"elementor-section elementor-top-section elementor-element elementor-element-4bcd422 elementor-section-boxed elementor-section-height-default elementor-section-height-default\" data-id=\"4bcd422\" data-element_type=\"section\">\n\t\t\t\t\t\t<div class=\"elementor-container elementor-column-gap-default\">\n\t\t\t\t\t<div class=\"elementor-column elementor-col-100 elementor-top-column elementor-element elementor-element-a1eeb82\" data-id=\"a1eeb82\" data-element_type=\"column\">\n\t\t\t<div class=\"elementor-widget-wrap\">\n\t\t\t\t\t\t\t\t\t<\/div>\n\t\t<\/div>\n\t\t\t\t\t\t\t<\/div>\n\t\t<\/section>\n\t\t\t\t<section class=\"elementor-section elementor-top-section elementor-element elementor-element-63f5ac6 elementor-section-boxed elementor-section-height-default elementor-section-height-default\" data-id=\"63f5ac6\" data-element_type=\"section\">\n\t\t\t\t\t\t<div class=\"elementor-container elementor-column-gap-default\">\n\t\t\t\t\t<div class=\"elementor-column elementor-col-100 elementor-top-column elementor-element elementor-element-1c03f4f\" data-id=\"1c03f4f\" data-element_type=\"column\">\n\t\t\t<div class=\"elementor-widget-wrap\">\n\t\t\t\t\t\t\t\t\t<\/div>\n\t\t<\/div>\n\t\t\t\t\t\t\t<\/div>\n\t\t<\/section>\n\t\t\t\t<section class=\"elementor-section elementor-top-section elementor-element elementor-element-968c1c0 elementor-section-boxed elementor-section-height-default elementor-section-height-default\" data-id=\"968c1c0\" data-element_type=\"section\">\n\t\t\t\t\t\t<div class=\"elementor-container elementor-column-gap-default\">\n\t\t\t\t\t<div class=\"elementor-column elementor-col-100 elementor-top-column elementor-element elementor-element-bdc476d\" data-id=\"bdc476d\" data-element_type=\"column\">\n\t\t\t<div class=\"elementor-widget-wrap elementor-element-populated\">\n\t\t\t\t\t\t\t\t<div class=\"elementor-element elementor-element-f6c0665 elementor-widget elementor-widget-menu-anchor\" data-id=\"f6c0665\" data-element_type=\"widget\" data-widget_type=\"menu-anchor.default\">\n\t\t\t\t<div class=\"elementor-widget-container\">\n\t\t\t\t\t<div class=\"elementor-menu-anchor\"><\/div>\n\t\t\t\t<\/div>\n\t\t\t\t<\/div>\n\t\t\t\t<div class=\"elementor-element elementor-element-5081c16 content-align-cta-default elementor-widget elementor-widget-eael-cta-box\" data-id=\"5081c16\" data-element_type=\"widget\" data-widget_type=\"eael-cta-box.default\">\n\t\t\t\t<div class=\"elementor-widget-container\">\n\t\t\t\t\t<div class=\"eael-call-to-action cta-basic bg-img bg-fixed cta-preset-1\">\n        <h2 class=\"title\">Research, Resources and Language Information Center (CEPRIL)<\/h2><p><p><strong>Founded in 1983 by members of the Postgraduate Program in Applied Linguistics and Language Studies (LAEL) at PUC-SP, CEPRIL offers a specialized bibliographic collection in Applied Linguistics, authentic language databases in various contexts and computational tools for analysis of data.<\/strong><\/p><\/p><a href=\"https:\/\/www.pucsp.br\/lael\/cepril\/menu-cepril.php\" class=\"cta-button\">Access<\/a>\t<\/div>\n\t\t\t\t\t\t<\/div>\n\t\t\t\t<\/div>\n\t\t\t\t<div class=\"elementor-element elementor-element-9e5b8cc content-align-cta-default elementor-widget elementor-widget-eael-cta-box\" data-id=\"9e5b8cc\" data-element_type=\"widget\" data-widget_type=\"eael-cta-box.default\">\n\t\t\t\t<div class=\"elementor-widget-container\">\n\t\t\t\t\t<div class=\"eael-call-to-action cta-basic bg-img bg-fixed cta-preset-1\">\n        <h2 class=\"title\">English-Corpora.Org<\/h2><p><p><strong><span style=\"vertical-align: inherit;\"><span style=\"vertical-align: inherit;\">English-Corpora.org is a set of online tools that, among other features, has an automatic concordancer tool for identifying the frequency of occurrence of isolated words, collocational and colligational patterns or even allows the search for words belonging to the same category (i.e. , clothes). The tool also makes it possible to explore <\/span><\/span><em><span style=\"vertical-align: inherit;\"><span style=\"vertical-align: inherit;\">corpora<\/span><\/span><\/em><span style=\"vertical-align: inherit;\"><span style=\"vertical-align: inherit;\"> such as the Corpus of Contemporary American English (Coca), the British National corpus (BNC), the corpus of Historical American English (COHA), The Hansard corpus, the TIME Magazine corpus and the most recent Coronavirus corpus, which aims to record the language used by speakers when referring to the pandemic of the year 2020.<\/span><\/span><\/strong><\/p><\/p><a href=\"https:\/\/www.english-corpora.org\/\" class=\"cta-button\">Access<\/a>\t<\/div>\n\t\t\t\t\t\t<\/div>\n\t\t\t\t<\/div>\n\t\t\t\t\t<\/div>\n\t\t<\/div>\n\t\t\t\t\t\t\t<\/div>\n\t\t<\/section>\n\t\t\t\t<section class=\"elementor-section elementor-top-section elementor-element elementor-element-391a926 elementor-section-boxed elementor-section-height-default elementor-section-height-default\" data-id=\"391a926\" data-element_type=\"section\">\n\t\t\t\t\t\t<div class=\"elementor-container elementor-column-gap-default\">\n\t\t\t\t\t<div class=\"elementor-column elementor-col-100 elementor-top-column elementor-element elementor-element-6688b83\" data-id=\"6688b83\" data-element_type=\"column\">\n\t\t\t<div class=\"elementor-widget-wrap elementor-element-populated\">\n\t\t\t\t\t\t\t\t<div class=\"elementor-element elementor-element-ccdbe70 content-align-cta-default elementor-widget elementor-widget-eael-cta-box\" data-id=\"ccdbe70\" data-element_type=\"widget\" data-widget_type=\"eael-cta-box.default\">\n\t\t\t\t<div class=\"elementor-widget-container\">\n\t\t\t\t\t<div class=\"eael-call-to-action cta-basic bg-img bg-fixed cta-preset-1\">\n        <h2 class=\"title\">GELC Corpus Collection<\/h2><p><p><strong>The coletacorpusweb.sh file was created by members of the Corpus Linguistics Study Group (GELC) to facilitate the collection and creation of corpora composed of texts downloaded from websites. In addition to downloading urls (whole websites), html (pages) and pdfs, the tool makes it possible to convert html files to txt, pdf to txt and encode txt files. <\/strong><\/p><\/p><a href=\"https:\/\/drive.google.com\/file\/d\/1k_ckpodnJrTUYlM3gPAQZWO83IerQRcs\/view?usp=sharing\" class=\"cta-button\">shell script download<\/a><a href=\"https:\/\/docs.google.com\/document\/d\/1jldOYE5Mhjwj3bo3fGwCp6t9gtFKO_pfjev8BW1P8MU\/edit?usp=sharing\" class=\"cta-button cta-secondary-button\">download the Gelc Corpus tutorial<\/a>\t<\/div>\n\t\t\t\t\t\t<\/div>\n\t\t\t\t<\/div>\n\t\t\t\t\t<\/div>\n\t\t<\/div>\n\t\t\t\t\t\t\t<\/div>\n\t\t<\/section>\n\t\t\t\t<section class=\"elementor-section elementor-top-section elementor-element elementor-element-5d401d8 elementor-section-boxed elementor-section-height-default elementor-section-height-default\" data-id=\"5d401d8\" data-element_type=\"section\">\n\t\t\t\t\t\t<div class=\"elementor-container elementor-column-gap-default\">\n\t\t\t\t\t<div class=\"elementor-column elementor-col-100 elementor-top-column elementor-element elementor-element-5cb547a\" data-id=\"5cb547a\" data-element_type=\"column\">\n\t\t\t<div class=\"elementor-widget-wrap elementor-element-populated\">\n\t\t\t\t\t\t\t\t<div class=\"elementor-element elementor-element-ce51fea content-align-cta-default elementor-widget elementor-widget-eael-cta-box\" data-id=\"ce51fea\" data-element_type=\"widget\" data-widget_type=\"eael-cta-box.default\">\n\t\t\t\t<div class=\"elementor-widget-container\">\n\t\t\t\t\t<div class=\"eael-call-to-action cta-basic bg-img bg-fixed cta-preset-1\">\n        <h2 class=\"title\">Kaleidographic<\/h2><p><p class=\"w3-padding\">Kaleidographic is a dynamic and interactive visualization tool that can show relations between multiple variables in your dataset. Build your own free Kaleidographics by clicking on the button below.\u00a0<\/p><\/p><a href=\"http:\/\/kaleidographic.org\/\" class=\"cta-button\">Visit<\/a>\t<\/div>\n\t\t\t\t\t\t<\/div>\n\t\t\t\t<\/div>\n\t\t\t\t\t<\/div>\n\t\t<\/div>\n\t\t\t\t\t\t\t<\/div>\n\t\t<\/section>\n\t\t\t\t<section class=\"elementor-section elementor-top-section elementor-element elementor-element-122e31e elementor-section-boxed elementor-section-height-default elementor-section-height-default\" data-id=\"122e31e\" data-element_type=\"section\">\n\t\t\t\t\t\t<div class=\"elementor-container elementor-column-gap-default\">\n\t\t\t\t\t<div class=\"elementor-column elementor-col-100 elementor-top-column elementor-element elementor-element-4ca0a45\" data-id=\"4ca0a45\" data-element_type=\"column\">\n\t\t\t<div class=\"elementor-widget-wrap\">\n\t\t\t\t\t\t\t\t\t<\/div>\n\t\t<\/div>\n\t\t\t\t\t\t\t<\/div>\n\t\t<\/section>\n\t\t\t\t<section class=\"elementor-section elementor-top-section elementor-element elementor-element-24eab9a elementor-section-boxed elementor-section-height-default elementor-section-height-default\" data-id=\"24eab9a\" data-element_type=\"section\">\n\t\t\t\t\t\t<div class=\"elementor-container elementor-column-gap-default\">\n\t\t\t\t\t<div class=\"elementor-column elementor-col-100 elementor-top-column elementor-element elementor-element-66d4233\" data-id=\"66d4233\" data-element_type=\"column\">\n\t\t\t<div class=\"elementor-widget-wrap elementor-element-populated\">\n\t\t\t\t\t\t\t\t<div class=\"elementor-element elementor-element-514ec53 content-align-cta-default elementor-widget elementor-widget-eael-cta-box\" data-id=\"514ec53\" data-element_type=\"widget\" data-widget_type=\"eael-cta-box.default\">\n\t\t\t\t<div class=\"elementor-widget-container\">\n\t\t\t\t\t<div class=\"eael-call-to-action cta-basic bg-img cta-preset-1\">\n        <h2 class=\"title\">Script: Qualidade da Fala Alar\u00edngea (Praat)<\/h2><p><p><span style=\"vertical-align: inherit;\"><span style=\"vertical-align: inherit;\">Este material \u00e9 dividido em duas partes: I. MANUAL (vers\u00f5es portugu\u00eas e ingl\u00eas) e II. Sequ\u00eancia de comandos (c\u00f3digos) do software em vers\u00e3o PDF ( a extens\u00e3o do arquivo \u00e9 .praat).\u00a0O software livre, formulado como um Script por Albert Rilliard (Universit\u00e9 Paris Saclay, CNRS, LISN) em colabora\u00e7\u00e3o com Zuleica Camargo (PUC-SP) &amp; Nathalia dos Reis (ICESP) \u00e9 distribu\u00eddo sob a licen\u00e7a CeCILL FREE SOFTWARE LICENSE<\/span><\/span><br \/><span style=\"vertical-align: inherit;\"><span style=\"vertical-align: inherit;\">AGREEMENT vers\u00e3o 2.1 ou superior (compat\u00edvel com GNU GPL).<\/span><\/span><\/p><p><span style=\"vertical-align: inherit;\"><span style=\"vertical-align: inherit;\">RILLIARD, Albert Olivier Blaise; REIS, Nathalia; CAMARGO, Zuleica. <\/span><\/span><em><b><span style=\"vertical-align: inherit;\"><span style=\"vertical-align: inherit;\">Script qualidade de voz alaringea<\/span><\/span><\/b><\/em><span style=\"vertical-align: inherit;\"><span style=\"vertical-align: inherit;\"><em>.<\/em> praat . LISN \/PUC-SP\/ ICESP. \u00a0<\/span><\/span><i><span style=\"vertical-align: inherit;\"><span style=\"vertical-align: inherit;\">Copyright. Version<\/span><\/span><\/i><span style=\"vertical-align: inherit;\"><span style=\"vertical-align: inherit;\">\u00a00.3\/2022 (<\/span><\/span><i><span style=\"vertical-align: inherit;\"><span style=\"vertical-align: inherit;\">released as a free software<\/span><\/span><\/i><span style=\"vertical-align: inherit;\"><span style=\"vertical-align: inherit;\">). <\/span><\/span><\/p><p><span style=\"vertical-align: inherit;\"><span style=\"vertical-align: inherit;\">Fonte de Financiamento: Plano de Incentivo \u00e0 Pesquisa- PUC-SP; PIPEq - Aux\u00edlio \u00e0 Pesquisa.\u00a0<\/span><\/span><\/p><p><span style=\"vertical-align: inherit;\"><span style=\"vertical-align: inherit;\">Contato:<\/span><\/span><\/p><div><a href=\"mailto:script.falalaringea@gmail.com\" target=\"_blank\" rel=\"noopener\"><span style=\"color: #ffffff;\">script.falalaringea@gmail.com<\/span><\/a><\/div><div>\u00a0<\/div><\/p><a href=\"https:\/\/cienciaaberta.org\/wp-content\/uploads\/2022\/07\/Script_FalaAlaringea.zip\" class=\"cta-button\">Baixe o script<\/a>\t<\/div>\n\t\t\t\t\t\t<\/div>\n\t\t\t\t<\/div>\n\t\t\t\t<div class=\"elementor-element elementor-element-4f56306 elementor-widget elementor-widget-menu-anchor\" data-id=\"4f56306\" data-element_type=\"widget\" data-widget_type=\"menu-anchor.default\">\n\t\t\t\t<div class=\"elementor-widget-container\">\n\t\t\t\t\t<div id=\"ScriptQualidadedaFalaPraat\" class=\"elementor-menu-anchor\"><\/div>\n\t\t\t\t<\/div>\n\t\t\t\t<\/div>\n\t\t\t\t\t<\/div>\n\t\t<\/div>\n\t\t\t\t\t\t\t<\/div>\n\t\t<\/section>\n\t\t\t\t<section class=\"elementor-section elementor-top-section elementor-element elementor-element-7eb3f48 elementor-section-boxed elementor-section-height-default elementor-section-height-default\" data-id=\"7eb3f48\" data-element_type=\"section\">\n\t\t\t\t\t\t<div class=\"elementor-container elementor-column-gap-default\">\n\t\t\t\t\t<div class=\"elementor-column elementor-col-100 elementor-top-column elementor-element elementor-element-ceef0aa\" data-id=\"ceef0aa\" data-element_type=\"column\">\n\t\t\t<div class=\"elementor-widget-wrap elementor-element-populated\">\n\t\t\t\t\t\t\t\t<div class=\"elementor-element elementor-element-5df6cac content-align-cta-default elementor-widget elementor-widget-eael-cta-box\" data-id=\"5df6cac\" data-element_type=\"widget\" data-widget_type=\"eael-cta-box.default\">\n\t\t\t\t<div class=\"elementor-widget-container\">\n\t\t\t\t\t<div class=\"eael-call-to-action cta-basic bg-img bg-fixed cta-preset-1\">\n        <h2 class=\"title\">Corpus hate Speech<\/h2><p><p>Learn about this corpus on Github.<\/p><\/p><a href=\"https:\/\/github.com\/marcoguerini\/CONAN\/#Multitarget-CONAN\" class=\"cta-button\">Access here<\/a>\t<\/div>\n\t\t\t\t\t\t<\/div>\n\t\t\t\t<\/div>\n\t\t\t\t\t<\/div>\n\t\t<\/div>\n\t\t\t\t\t\t\t<\/div>\n\t\t<\/section>\n\t\t\t\t\t\t\t<\/div>","protected":false},"excerpt":{"rendered":"<p>Ferramentas computacionais em Lingu\u00edstica Aplicada AntConc 3.5.8 O AntConc 3.5.8 \u00e9 um conjunto de ferramentas para an\u00e1lise de textos e [&hellip;]<\/p>","protected":false},"author":1,"featured_media":0,"parent":0,"menu_order":0,"comment_status":"closed","ping_status":"closed","template":"","meta":{"ngg_post_thumbnail":0,"footnotes":""},"class_list":["post-727","page","type-page","status-publish","hentry"],"_links":{"self":[{"href":"https:\/\/cienciaaberta.org\/en\/wp-json\/wp\/v2\/pages\/727","targetHints":{"allow":["GET"]}}],"collection":[{"href":"https:\/\/cienciaaberta.org\/en\/wp-json\/wp\/v2\/pages"}],"about":[{"href":"https:\/\/cienciaaberta.org\/en\/wp-json\/wp\/v2\/types\/page"}],"author":[{"embeddable":true,"href":"https:\/\/cienciaaberta.org\/en\/wp-json\/wp\/v2\/users\/1"}],"replies":[{"embeddable":true,"href":"https:\/\/cienciaaberta.org\/en\/wp-json\/wp\/v2\/comments?post=727"}],"version-history":[{"count":49,"href":"https:\/\/cienciaaberta.org\/en\/wp-json\/wp\/v2\/pages\/727\/revisions"}],"predecessor-version":[{"id":1268,"href":"https:\/\/cienciaaberta.org\/en\/wp-json\/wp\/v2\/pages\/727\/revisions\/1268"}],"wp:attachment":[{"href":"https:\/\/cienciaaberta.org\/en\/wp-json\/wp\/v2\/media?parent=727"}],"curies":[{"name":"wp","href":"https:\/\/api.w.org\/{rel}","templated":true}]}}