{"id":916,"date":"2022-04-29T19:21:46","date_gmt":"2022-04-29T19:21:46","guid":{"rendered":"https:\/\/cienciaaberta.org\/?page_id=916"},"modified":"2022-05-20T13:08:35","modified_gmt":"2022-05-20T13:08:35","slug":"como-fazer-ciencia-aberta","status":"publish","type":"page","link":"https:\/\/cienciaaberta.org\/en\/como-fazer-ciencia-aberta\/","title":{"rendered":"Como Fazer Ci\u00eancia Aberta?"},"content":{"rendered":"<div data-elementor-type=\"wp-page\" data-elementor-id=\"916\" class=\"elementor elementor-916\">\n\t\t\t\t\t\t\t\t\t<section class=\"elementor-section elementor-top-section elementor-element elementor-element-aefdf6c elementor-section-boxed elementor-section-height-default elementor-section-height-default\" data-id=\"aefdf6c\" data-element_type=\"section\">\n\t\t\t\t\t\t<div class=\"elementor-container elementor-column-gap-default\">\n\t\t\t\t\t<div class=\"elementor-column elementor-col-100 elementor-top-column elementor-element elementor-element-348e866\" data-id=\"348e866\" data-element_type=\"column\">\n\t\t\t<div class=\"elementor-widget-wrap elementor-element-populated\">\n\t\t\t\t\t\t\t\t<div class=\"elementor-element elementor-element-9974124 elementor-widget elementor-widget-image\" data-id=\"9974124\" data-element_type=\"widget\" data-widget_type=\"image.default\">\n\t\t\t\t<div class=\"elementor-widget-container\">\n\t\t\t<style>\/*! elementor - v3.15.0 - 09-08-2023 *\/\n.elementor-widget-image{text-align:center}.elementor-widget-image a{display:inline-block}.elementor-widget-image a img[src$=\".svg\"]{width:48px}.elementor-widget-image img{vertical-align:middle;display:inline-block}<\/style>\t\t\t\t\t\t\t\t\t\t\t\t<img decoding=\"async\" src=\"https:\/\/cienciaaberta.org\/wp-content\/uploads\/2022\/04\/Fazer-Ciencia-Aberta-06-07.png\" title=\"\" alt=\"\" loading=\"lazy\" \/>\t\t\t\t\t\t\t\t\t\t\t\t\t\t\t<\/div>\n\t\t\t\t<\/div>\n\t\t\t\t\t<\/div>\n\t\t<\/div>\n\t\t\t\t\t\t\t<\/div>\n\t\t<\/section>\n\t\t\t\t<section class=\"elementor-section elementor-top-section elementor-element elementor-element-264be33 elementor-section-boxed elementor-section-height-default elementor-section-height-default\" data-id=\"264be33\" data-element_type=\"section\">\n\t\t\t\t\t\t<div class=\"elementor-container elementor-column-gap-default\">\n\t\t\t\t\t<div class=\"elementor-column elementor-col-33 elementor-top-column elementor-element elementor-element-ab02be2\" data-id=\"ab02be2\" data-element_type=\"column\">\n\t\t\t<div class=\"elementor-widget-wrap elementor-element-populated\">\n\t\t\t\t\t\t\t\t<div class=\"elementor-element elementor-element-c4815e1 elementor-widget elementor-widget-text-editor\" data-id=\"c4815e1\" data-element_type=\"widget\" data-widget_type=\"text-editor.default\">\n\t\t\t\t<div class=\"elementor-widget-container\">\n\t\t\t<style>\/*! elementor - v3.15.0 - 09-08-2023 *\/\n.elementor-widget-text-editor.elementor-drop-cap-view-stacked .elementor-drop-cap{background-color:#69727d;color:#fff}.elementor-widget-text-editor.elementor-drop-cap-view-framed .elementor-drop-cap{color:#69727d;border:3px solid;background-color:transparent}.elementor-widget-text-editor:not(.elementor-drop-cap-view-default) .elementor-drop-cap{margin-top:8px}.elementor-widget-text-editor:not(.elementor-drop-cap-view-default) .elementor-drop-cap-letter{width:1em;height:1em}.elementor-widget-text-editor .elementor-drop-cap{float:left;text-align:center;line-height:1;font-size:50px}.elementor-widget-text-editor .elementor-drop-cap-letter{display:inline-block}<\/style>\t\t\t\t<p>Talvez, essa seja a pergunta mais frequente ao idealizar um projeto sob o prisma da Ci\u00eancia Aberta. Pensando nisso, preparamos um infogr\u00e1fico que visa explicar brevemente n\u00e3o s\u00f3 a maneira como &#8220;fazer&#8221; Ci\u00eancia Aberta, mas, tamb\u00e9m, como definir, simplificar e colocar em pr\u00e1tica essa nova metodologia cient\u00edfica<\/p>\t\t\t\t\t\t<\/div>\n\t\t\t\t<\/div>\n\t\t\t\t\t<\/div>\n\t\t<\/div>\n\t\t\t\t<div class=\"elementor-column elementor-col-66 elementor-top-column elementor-element elementor-element-5f3d29a\" data-id=\"5f3d29a\" data-element_type=\"column\">\n\t\t\t<div class=\"elementor-widget-wrap elementor-element-populated\">\n\t\t\t\t\t\t\t\t<div class=\"elementor-element elementor-element-bf87cf0 elementor-widget elementor-widget-embedpress_pdf\" data-id=\"bf87cf0\" data-element_type=\"widget\" data-widget_type=\"embedpress_pdf.default\">\n\t\t\t\t<div class=\"elementor-widget-container\">\n\t\t\t    <div class=\"embedpress-document-embed ep-doc-e023f97fdb2e58a44eb1d4798ff7147c ose-document emebedpress-unit-px\" data-thememode=\"default\" data-customcolor=\"\" data-toolbar=\"yes\" data-toolbar-position=\"top\" data-open=\"no\" data-presentation-mode=\"yes\" data-download=\"yes\" data-copy=\"yes\" data-rotate=\"yes\" data-details=\"yes\" data-id=\"embedpress-pdf-bf87cf0\" style=\" max-width:100%; display: inline-block\">\n        \n        \n                \n                <div id=\"ep-elementor-content-bf87cf0\" class=\"ep-elementor-content  ep-fixed-width   ep-content-protection-disabled\">\n                    <div id=\"bf87cf0\" class=\"ep-embed-content-wraper\">\n                        <div><iframe title=\"Como Fazer Ci\u00eancia Aberta\" class=\"embedpress-embed-document-pdf embedpress-pdf-bf87cf0\" style=\"width: 600px!important;height: 600px;; max-width:100%; display: inline-block\" src=\"https:\/\/cienciaaberta.org\/wp-content\/plugins\/embedpress\/assets\/pdf\/web\/viewer.html?file=https%3A%2F%2Fcienciaaberta.org%2Fwp-content%2Fuploads%2F2022%2F04%2FComo-Fazer-Ciencia-Aberta.pdf#key=dGhlbWVNb2RlPWRlZmF1bHQmdG9vbGJhcj10cnVlJnBvc2l0aW9uPXRvcCZwcmVzZW50YXRpb249dHJ1ZSZkb3dubG9hZD10cnVlJmNvcHlfdGV4dD10cnVlJmFkZF90ZXh0PXRydWUmZHJhdz10cnVlJnBkZl9yb3RhdGlvbj10cnVlJnBkZl9kZXRhaWxzPXRydWU=&amp;zoom=auto\" data-emid=\"embedpress-pdf-bf87cf0\" https:><\/iframe><\/div>                    <\/div>\n                <\/div>\n            \n    <\/div>\n\n\t\t<\/div>\n\t\t\t\t<\/div>\n\t\t\t\t\t<\/div>\n\t\t<\/div>\n\t\t\t\t\t\t\t<\/div>\n\t\t<\/section>\n\t\t\t\t\t\t\t<\/div>","protected":false},"excerpt":{"rendered":"<p>Talvez, essa seja a pergunta mais frequente ao idealizar um projeto sob o prisma da Ci\u00eancia Aberta. Pensando nisso, preparamos [&hellip;]<\/p>","protected":false},"author":1,"featured_media":0,"parent":0,"menu_order":0,"comment_status":"closed","ping_status":"closed","template":"","meta":{"ngg_post_thumbnail":0,"footnotes":""},"class_list":["post-916","page","type-page","status-publish","hentry"],"_links":{"self":[{"href":"https:\/\/cienciaaberta.org\/en\/wp-json\/wp\/v2\/pages\/916","targetHints":{"allow":["GET"]}}],"collection":[{"href":"https:\/\/cienciaaberta.org\/en\/wp-json\/wp\/v2\/pages"}],"about":[{"href":"https:\/\/cienciaaberta.org\/en\/wp-json\/wp\/v2\/types\/page"}],"author":[{"embeddable":true,"href":"https:\/\/cienciaaberta.org\/en\/wp-json\/wp\/v2\/users\/1"}],"replies":[{"embeddable":true,"href":"https:\/\/cienciaaberta.org\/en\/wp-json\/wp\/v2\/comments?post=916"}],"version-history":[{"count":22,"href":"https:\/\/cienciaaberta.org\/en\/wp-json\/wp\/v2\/pages\/916\/revisions"}],"predecessor-version":[{"id":996,"href":"https:\/\/cienciaaberta.org\/en\/wp-json\/wp\/v2\/pages\/916\/revisions\/996"}],"wp:attachment":[{"href":"https:\/\/cienciaaberta.org\/en\/wp-json\/wp\/v2\/media?parent=916"}],"curies":[{"name":"wp","href":"https:\/\/api.w.org\/{rel}","templated":true}]}}